{"id":1036,"date":"2025-04-16T10:47:52","date_gmt":"2025-04-16T10:47:52","guid":{"rendered":"https:\/\/gazquezgas.es\/?page_id=1036"},"modified":"2025-04-16T10:52:49","modified_gmt":"2025-04-16T10:52:49","slug":"politica-de-cookies","status":"publish","type":"page","link":"https:\/\/gazquezgas.es\/?page_id=1036","title":{"rendered":"Pol\u00edtica de cookies"},"content":{"rendered":"\t\t<div data-elementor-type=\"wp-page\" data-elementor-id=\"1036\" class=\"elementor elementor-1036\">\n\t\t\t\t\t\t<section class=\"elementor-section elementor-top-section elementor-element elementor-element-b3305dc elementor-section-height-min-height elementor-section-boxed elementor-section-height-default elementor-section-items-middle wpr-particle-no wpr-jarallax-no wpr-parallax-no wpr-sticky-section-no wpr-equal-height-no\" data-id=\"b3305dc\" data-element_type=\"section\" data-e-type=\"section\" data-settings=\"{&quot;background_background&quot;:&quot;classic&quot;}\">\n\t\t\t\t\t\t\t<div class=\"elementor-background-overlay\"><\/div>\n\t\t\t\t\t\t\t<div class=\"elementor-container elementor-column-gap-default\">\n\t\t\t\t\t<div class=\"elementor-column elementor-col-100 elementor-top-column elementor-element elementor-element-a729f7a\" data-id=\"a729f7a\" data-element_type=\"column\" data-e-type=\"column\">\n\t\t\t<div class=\"elementor-widget-wrap elementor-element-populated\">\n\t\t\t\t\t\t<div class=\"elementor-element elementor-element-782bbad elementor-widget elementor-widget-heading\" data-id=\"782bbad\" data-element_type=\"widget\" data-e-type=\"widget\" data-widget_type=\"heading.default\">\n\t\t\t\t<div class=\"elementor-widget-container\">\n\t\t\t\t\t<h2 class=\"elementor-heading-title elementor-size-default\">Pol\u00edtica de cookies<\/h2>\t\t\t\t<\/div>\n\t\t\t\t<\/div>\n\t\t\t\t<div class=\"elementor-element elementor-element-6bcd38a elementor-widget-divider--view-line elementor-widget elementor-widget-divider\" data-id=\"6bcd38a\" data-element_type=\"widget\" data-e-type=\"widget\" data-widget_type=\"divider.default\">\n\t\t\t\t<div class=\"elementor-widget-container\">\n\t\t\t\t\t\t\t<div class=\"elementor-divider\">\n\t\t\t<span class=\"elementor-divider-separator\">\n\t\t\t\t\t\t<\/span>\n\t\t<\/div>\n\t\t\t\t\t\t<\/div>\n\t\t\t\t<\/div>\n\t\t\t\t\t<\/div>\n\t\t<\/div>\n\t\t\t\t\t<\/div>\n\t\t<\/section>\n\t\t\t\t<section class=\"elementor-section elementor-top-section elementor-element elementor-element-ff282b2 elementor-section-boxed elementor-section-height-default elementor-section-height-default wpr-particle-no wpr-jarallax-no wpr-parallax-no wpr-sticky-section-no wpr-equal-height-no\" data-id=\"ff282b2\" data-element_type=\"section\" data-e-type=\"section\">\n\t\t\t\t\t\t<div class=\"elementor-container elementor-column-gap-default\">\n\t\t\t\t\t<div class=\"elementor-column elementor-col-100 elementor-top-column elementor-element elementor-element-9f587d8\" data-id=\"9f587d8\" data-element_type=\"column\" data-e-type=\"column\">\n\t\t\t<div class=\"elementor-widget-wrap elementor-element-populated\">\n\t\t\t\t\t\t<div class=\"elementor-element elementor-element-049f916 elementor-widget elementor-widget-heading\" data-id=\"049f916\" data-element_type=\"widget\" data-e-type=\"widget\" data-widget_type=\"heading.default\">\n\t\t\t\t<div class=\"elementor-widget-container\">\n\t\t\t\t\t<h2 class=\"elementor-heading-title elementor-size-default\">Pol\u00edtica de cookies<\/h2>\t\t\t\t<\/div>\n\t\t\t\t<\/div>\n\t\t\t\t<div class=\"elementor-element elementor-element-5d5edee elementor-widget-divider--view-line elementor-widget elementor-widget-divider\" data-id=\"5d5edee\" data-element_type=\"widget\" data-e-type=\"widget\" data-widget_type=\"divider.default\">\n\t\t\t\t<div class=\"elementor-widget-container\">\n\t\t\t\t\t\t\t<div class=\"elementor-divider\">\n\t\t\t<span class=\"elementor-divider-separator\">\n\t\t\t\t\t\t<\/span>\n\t\t<\/div>\n\t\t\t\t\t\t<\/div>\n\t\t\t\t<\/div>\n\t\t\t\t\t<\/div>\n\t\t<\/div>\n\t\t\t\t\t<\/div>\n\t\t<\/section>\n\t\t<div class=\"elementor-element elementor-element-1b55f8b e-flex e-con-boxed wpr-particle-no wpr-jarallax-no wpr-parallax-no wpr-sticky-section-no wpr-equal-height-no e-con e-parent\" data-id=\"1b55f8b\" data-element_type=\"container\" data-e-type=\"container\">\n\t\t\t\t\t<div class=\"e-con-inner\">\n\t\t\t\t<div class=\"elementor-element elementor-element-f7a3628 elementor-widget elementor-widget-text-editor\" data-id=\"f7a3628\" data-element_type=\"widget\" data-e-type=\"widget\" data-widget_type=\"text-editor.default\">\n\t\t\t\t<div class=\"elementor-widget-container\">\n\t\t\t\t\t\t\t\t\t<p><strong>1 \u00bfQU\u00c9 SON LAS COOKIES?<\/strong><\/p><p><strong>Yulia Komarovskikh <\/strong>es responsable de la p\u00e1gina web http:\/\/www.gazquegas.es, y utiliza cookies y\/u otros archivos de funcionalidad similar (en adelante \u201cCookies\u201d).<\/p><p>Una cookie es un archivo de texto que un sitio web, aplicaci\u00f3n u otra plataforma guarda en tu dispositivo, como tu computadora, tableta o tel\u00e9fono inteligente. Contiene informaci\u00f3n sobre tu navegaci\u00f3n o uso, como una etiqueta que identifica tu dispositivo. Las cookies son necesarias para facilitar la navegaci\u00f3n y comprender c\u00f3mo interact\u00faan los usuarios con las webs, lo que permite realizar mejoras. Tambi\u00e9n son \u00fatiles para personalizar la publicidad seg\u00fan tus preferencias y para otras finalidades detalladas m\u00e1s adelante. Las cookies no da\u00f1an tu dispositivo<\/p><p><strong>2 TIPOLOG\u00cdA DE COOKIES<\/strong><\/p><p>Por favor, revisa esta secci\u00f3n que brinda una descripci\u00f3n general de los diferentes tipos de cookies que se pueden utilizar en un entorno en l\u00ednea.<\/p><p>\u00a0<\/p><p>Seg\u00fan el propietario de las cookies, se pueden clasificar en:<\/p><ol><li>Cookies propias: Estas cookies se env\u00edan al ordenador o dispositivo del usuario desde el equipo o dominio gestionado por el propio editor, que proporciona la web o servicio solicitado por el usuario.<\/li><li>Cookies de terceros: Estas cookies se env\u00edan al ordenador o dispositivo del usuario desde un equipo o dominio que no es gestionado por el editor, sino por otra entidad que procesa los datos obtenidos a trav\u00e9s de las cookies.<\/li><\/ol><p>\u00a0<\/p><p>En funci\u00f3n de la finalidad de la Cookie, pueden clasificarse en:<\/p><ul><li>Las <strong><u>cookies estrictamente necesarias (t\u00e9cnicas)<\/u><\/strong> son aquellas que permiten al usuario navegar por una p\u00e1gina web, plataforma o aplicaci\u00f3n y utilizar las diferentes opciones o servicios que se ofrecen en ellas. Estas cookies desempe\u00f1an funciones esenciales, como controlar el tr\u00e1fico, identificar datos o sesiones, acceder a secciones restringidas, recordar elementos de un pedido, gestionar pagos, garantizar la seguridad del servicio, permitir la participaci\u00f3n en eventos, almacenar contenidos multimedia y compartir contenido en redes sociales. Estas cookies t\u00e9cnicas se descargan autom\u00e1ticamente cuando se muestra la web o se brinda el servicio solicitado por el usuario.<\/li><\/ul><p>\u00a0<\/p><ul><li>Las <strong><u>cookies de funcionalidad o personalizaci\u00f3n<\/u><\/strong> son aquellas que permiten recordar informaci\u00f3n para proporcionar al usuario un servicio o plataforma con caracter\u00edsticas espec\u00edficas que diferencian su experiencia de la de otros usuarios. Estas caracter\u00edsticas pueden incluir el idioma, el n\u00famero de resultados mostrados en una b\u00fasqueda, el aspecto o contenido del servicio en funci\u00f3n del navegador utilizado o la regi\u00f3n desde la que se accede al servicio, entre otros. No aceptar estas cookies puede resultar en un rendimiento lento de la p\u00e1gina web o recomendaciones inadecuadas.<\/li><\/ul><p>\u00a0<\/p><ul><li>Las <strong><u>cookies de an\u00e1lisis<\/u><\/strong> se emplean para recopilar informaci\u00f3n sobre el n\u00famero de usuarios, las secciones visitadas en la web y su interacci\u00f3n con la misma. Estos datos se utilizan para realizar un an\u00e1lisis estad\u00edstico de la utilizaci\u00f3n que hacen los usuarios del servicio, con el objetivo de identificar \u00e1reas de mejora basadas en los patrones de uso.<\/li><\/ul><p>\u00a0<\/p><ul><li>Las <strong><u>cookies de publicidad comportamental<\/u><\/strong> registran y almacenan informaci\u00f3n sobre los h\u00e1bitos de navegaci\u00f3n de los usuarios, lo que facilita la creaci\u00f3n de perfiles espec\u00edficos para mostrar anuncios personalizados. Estas cookies permiten una gesti\u00f3n eficiente de los espacios publicitarios que el editor ha incluido, ya sea de forma directa o en colaboraci\u00f3n con terceros.<\/li><\/ul><p><strong>3 FINALIDAD DE LAS COOKIES EN NUESTRA WEB<\/strong><\/p><p>Las cookies desempe\u00f1an un papel fundamental en el funcionamiento de nuestra web. Su objetivo principal es permitir una navegaci\u00f3n m\u00e1s c\u00f3moda y eficiente. Por ejemplo, se utilizan para recordar tus preferencias durante la navegaci\u00f3n y en futuras visitas.<\/p><p>Tambi\u00e9n nos ayudan a personalizar la publicidad en funci\u00f3n de tus h\u00e1bitos de navegaci\u00f3n. La informaci\u00f3n recopilada a trav\u00e9s de las cookies nos permite realizar estimaciones estad\u00edsticas y an\u00e1lisis de uso, como el n\u00famero de visitas y las secciones m\u00e1s consultadas. Esto nos permite mejorar nuestros servicios y adaptar la plataforma a tus intereses individuales.<\/p><p>En algunas ocasiones, utilizamos cookies para recopilar informaci\u00f3n que nos permite mostrar publicidad basada en tus h\u00e1bitos de navegaci\u00f3n en nuestra plataforma y otras plataformas de terceros.<\/p><p><strong>4 GESTI\u00d3N DE COOKIES EN NUESTRA WEB<\/strong><\/p><p>En el panel de configuraci\u00f3n de cookies, al que puedes acceder en cualquier momento en nuestra plataforma, encontrar\u00e1s informaci\u00f3n detallada sobre las cookies que utilizamos. En \u00e9l, se especifica su prop\u00f3sito, duraci\u00f3n y qui\u00e9n las gestiona (nosotros o terceros). Este panel te permite gestionar la activaci\u00f3n y desactivaci\u00f3n de aquellas cookies que no son estrictamente necesarias para el funcionamiento de la plataforma, adem\u00e1s de cambiar tu consentimiento en cualquier momento.<\/p><p>Puedes acceder a la configuraci\u00f3n pulsando <strong><u>aqu\u00ed<\/u><\/strong>, para cambiar tus preferencias o retirar su consentimiento (habilitar link)<\/p><p>Por otro lado, tambi\u00e9n tienes la opci\u00f3n de desactivar el uso de cookies en tu navegador mientras navegas por Internet. A continuaci\u00f3n, te mostramos c\u00f3mo realizar esta configuraci\u00f3n en los navegadores m\u00e1s comunes:<\/p><ul><li><a href=\"https:\/\/support.google.com\/chrome\/answer\/95647?co=GENIE.Platform=Desktop&amp;&amp;hl=es\">Google Chrome<\/a><\/li><li><a href=\"https:\/\/support.mozilla.org\/es\/kb\/impedir-que-los-sitios-web-guarden-sus-preferencia\">Mozilla Firefox<\/a><\/li><li><a href=\"https:\/\/support.microsoft.com\/es-es\/help\/17442\/windows-internet-explorer-delete-manage-cookies\">Internet Explorer<\/a><\/li><li><a href=\"https:\/\/privacy.microsoft.com\/es-ES\/windows-10-microsoft-edge-and-privacy\">Microsoft Edge<\/a><\/li><li><a href=\"https:\/\/support.apple.com\/es-es\/HT201265\">Safari<\/a><\/li><li><a href=\"http:\/\/help.opera.com\/Linux\/10.60\/es-ES\/cookies.html\">Opera<\/a><\/li><\/ul><p>\u00a0<\/p><p>Puedes ejercer esta opci\u00f3n de evitar el uso de Cookies en cualquier momento. Ten en cuenta que la gesti\u00f3n del panel de configuraci\u00f3n de Cookies y la opci\u00f3n de rechazarlas son espec\u00edficas para cada navegador que utilices.<\/p><p>Por lo tanto, si configuras las Cookies de una determinada manera en un dispositivo y deseas que esa opci\u00f3n se aplique de manera similar en otro dispositivo, deber\u00e1s activar la misma opci\u00f3n en ese otro dispositivo.<\/p><p>El usuario debe tener en cuenta que algunas caracter\u00edsticas de los contenidos de nuestra p\u00e1gina web solo est\u00e1n disponibles si se permite la instalaci\u00f3n de Cookies en su navegador. Si decide no aceptar o bloquear determinadas Cookies (en funci\u00f3n de su finalidad), puede que esto afecte, total o parcialmente, al funcionamiento normal de la P\u00e1gina Web o que impida el acceso a algunos servicios de la misma.<\/p><p><strong>5 USO DE LA INFORMACI\u00d3N ALMACENADA EN LAS COOKIES<\/strong><\/p><p>La informaci\u00f3n almacenada en las Cookies de nuestra web es utilizada \u00fanicamente por nosotros. Sin embargo, algunas Cookies de terceros, gestionadas por entidades externas, pueden ser utilizadas para brindarnos servicios adicionales. Para m\u00e1s detalles, consulta nuestro panel de configuraci\u00f3n de Cookies, accesible en todo momento en nuestra web.<\/p><p>Te sugerimos que revises nuestra Pol\u00edtica de Privacidad en nuestra web para obtener informaci\u00f3n detallada sobre c\u00f3mo se tratan tus datos personales en nuestra colaboraci\u00f3n con terceros, as\u00ed como en las transferencias internacionales de datos. Adem\u00e1s, te recomendamos que consultes las pol\u00edticas de privacidad y las configuraciones de privacidad de estos colaboradores externos a trav\u00e9s de sus propias plataformas.<\/p><p><strong>6 ACTUALIZACIONES Y CAMBIOS EN LA POL\u00cdTICA DE COOKIES<\/strong><\/p><p><strong>Yulia Komarovskikh <\/strong>puede modificar esta Pol\u00edtica de Cookies en funci\u00f3n de nuevas exigencias legislativas, reglamentarias, o con la finalidad de adaptar dicha pol\u00edtica a las instrucciones dictadas por la Agencia Espa\u00f1ola de Protecci\u00f3n de Datos.<\/p><p>Si desea m\u00e1s informaci\u00f3n sobre qu\u00e9 uso hacemos de las Cookies, puede enviarnos un e-mail a: info@gazquegas.es<\/p>\t\t\t\t\t\t\t\t<\/div>\n\t\t\t\t<\/div>\n\t\t\t\t\t<\/div>\n\t\t\t\t<\/div>\n\t\t\t\t<section class=\"elementor-section elementor-top-section elementor-element elementor-element-108f7a16 elementor-section-boxed elementor-section-height-default elementor-section-height-default wpr-particle-no wpr-jarallax-no wpr-parallax-no wpr-sticky-section-no wpr-equal-height-no\" data-id=\"108f7a16\" data-element_type=\"section\" data-e-type=\"section\" data-settings=\"{&quot;background_background&quot;:&quot;classic&quot;}\">\n\t\t\t\t\t\t\t<div class=\"elementor-background-overlay\"><\/div>\n\t\t\t\t\t\t\t<div class=\"elementor-container elementor-column-gap-default\">\n\t\t\t\t\t<div class=\"elementor-column elementor-col-100 elementor-top-column elementor-element elementor-element-2cf5829f\" data-id=\"2cf5829f\" data-element_type=\"column\" data-e-type=\"column\">\n\t\t\t<div class=\"elementor-widget-wrap elementor-element-populated\">\n\t\t\t\t\t\t<div class=\"elementor-element elementor-element-3945c3c5 elementor-widget elementor-widget-heading\" data-id=\"3945c3c5\" data-element_type=\"widget\" data-e-type=\"widget\" data-widget_type=\"heading.default\">\n\t\t\t\t<div class=\"elementor-widget-container\">\n\t\t\t\t\t<h2 class=\"elementor-heading-title elementor-size-default\">\u00a1Contacta con nuestros expertos en gases industriales!<\/h2>\t\t\t\t<\/div>\n\t\t\t\t<\/div>\n\t\t\t\t<div class=\"elementor-element elementor-element-76ca67 elementor-widget elementor-widget-text-editor\" data-id=\"76ca67\" data-element_type=\"widget\" data-e-type=\"widget\" data-widget_type=\"text-editor.default\">\n\t\t\t\t<div class=\"elementor-widget-container\">\n\t\t\t\t\t\t\t\t\t<p>Les instamos a ponerse en contacto con nuestro equipo de expertos en gases industriales para obtener asesoramiento personalizado y resolver cualquier duda. Estamos aqu\u00ed para ayudarles a impulsar su negocio.<\/p>\t\t\t\t\t\t\t\t<\/div>\n\t\t\t\t<\/div>\n\t\t\t\t<div class=\"elementor-element elementor-element-487c6767 elementor-align-center elementor-widget elementor-widget-button\" data-id=\"487c6767\" data-element_type=\"widget\" data-e-type=\"widget\" data-widget_type=\"button.default\">\n\t\t\t\t<div class=\"elementor-widget-container\">\n\t\t\t\t\t\t\t\t\t<div class=\"elementor-button-wrapper\">\n\t\t\t\t\t<a class=\"elementor-button elementor-button-link elementor-size-sm\" href=\"#\">\n\t\t\t\t\t\t<span class=\"elementor-button-content-wrapper\">\n\t\t\t\t\t\t\t\t\t<span class=\"elementor-button-text\">CONTACTA CON NOSOTROS AHORA<\/span>\n\t\t\t\t\t<\/span>\n\t\t\t\t\t<\/a>\n\t\t\t\t<\/div>\n\t\t\t\t\t\t\t\t<\/div>\n\t\t\t\t<\/div>\n\t\t\t\t\t<\/div>\n\t\t<\/div>\n\t\t\t\t\t<\/div>\n\t\t<\/section>\n\t\t\t\t<\/div>\n\t\t","protected":false},"excerpt":{"rendered":"<p>Pol\u00edtica de cookies Pol\u00edtica de cookies 1 \u00bfQU\u00c9 SON LAS COOKIES? Yulia Komarovskikh es responsable de la p\u00e1gina web http:\/\/www.gazquegas.es, y utiliza cookies y\/u otros archivos de funcionalidad similar (en adelante \u201cCookies\u201d). Una cookie es un archivo de texto que un sitio web, aplicaci\u00f3n u otra plataforma guarda en tu dispositivo, como tu computadora, tableta o tel\u00e9fono inteligente. Contiene informaci\u00f3n sobre tu navegaci\u00f3n o uso, como una etiqueta que identifica tu dispositivo. Las cookies son necesarias para facilitar la navegaci\u00f3n y comprender c\u00f3mo interact\u00faan los usuarios con las webs, lo que permite realizar mejoras. Tambi\u00e9n son \u00fatiles para personalizar la publicidad seg\u00fan tus preferencias y para otras finalidades detalladas m\u00e1s adelante. Las cookies no da\u00f1an tu dispositivo 2 TIPOLOG\u00cdA DE COOKIES Por favor, revisa esta secci\u00f3n que brinda una descripci\u00f3n general de los diferentes tipos de cookies que se pueden utilizar en un entorno en l\u00ednea. \u00a0 Seg\u00fan el propietario de las cookies, se pueden clasificar en: Cookies propias: Estas cookies se env\u00edan al ordenador o dispositivo del usuario desde el equipo o dominio gestionado por el propio editor, que proporciona la web o servicio solicitado por el usuario. Cookies de terceros: Estas cookies se env\u00edan al ordenador o dispositivo del usuario desde un equipo o dominio que no es gestionado por el editor, sino por otra entidad que procesa los datos obtenidos a trav\u00e9s de las cookies. \u00a0 En funci\u00f3n de la finalidad de la Cookie, pueden clasificarse en: Las cookies estrictamente necesarias (t\u00e9cnicas) son aquellas que permiten al usuario navegar por una p\u00e1gina web, plataforma o aplicaci\u00f3n y utilizar las diferentes opciones o servicios que se ofrecen en ellas. Estas cookies desempe\u00f1an funciones esenciales, como controlar el tr\u00e1fico, identificar datos o sesiones, acceder a secciones restringidas, recordar elementos de un pedido, gestionar pagos, garantizar la seguridad del servicio, permitir la participaci\u00f3n en eventos, almacenar contenidos multimedia y compartir contenido en redes sociales. Estas cookies t\u00e9cnicas se descargan autom\u00e1ticamente cuando se muestra la web o se brinda el servicio solicitado por el usuario. \u00a0 Las cookies de funcionalidad o personalizaci\u00f3n son aquellas que permiten recordar informaci\u00f3n para proporcionar al usuario un servicio o plataforma con caracter\u00edsticas espec\u00edficas que diferencian su experiencia de la de otros usuarios. Estas caracter\u00edsticas pueden incluir el idioma, el n\u00famero de resultados mostrados en una b\u00fasqueda, el aspecto o contenido del servicio en funci\u00f3n del navegador utilizado o la regi\u00f3n desde la que se accede al servicio, entre otros. No aceptar estas cookies puede resultar en un rendimiento lento de la p\u00e1gina web o recomendaciones inadecuadas. \u00a0 Las cookies de an\u00e1lisis se emplean para recopilar informaci\u00f3n sobre el n\u00famero de usuarios, las secciones visitadas en la web y su interacci\u00f3n con la misma. Estos datos se utilizan para realizar un an\u00e1lisis estad\u00edstico de la utilizaci\u00f3n que hacen los usuarios del servicio, con el objetivo de identificar \u00e1reas de mejora basadas en los patrones de uso. \u00a0 Las cookies de publicidad comportamental registran y almacenan informaci\u00f3n sobre los h\u00e1bitos de navegaci\u00f3n de los usuarios, lo que facilita la creaci\u00f3n de perfiles espec\u00edficos para mostrar anuncios personalizados. Estas cookies permiten una gesti\u00f3n eficiente de los espacios publicitarios que el editor ha incluido, ya sea de forma directa o en colaboraci\u00f3n con terceros. 3 FINALIDAD DE LAS COOKIES EN NUESTRA WEB Las cookies desempe\u00f1an un papel fundamental en el funcionamiento de nuestra web. Su objetivo principal es permitir una navegaci\u00f3n m\u00e1s c\u00f3moda y eficiente. Por ejemplo, se utilizan para recordar tus preferencias durante la navegaci\u00f3n y en futuras visitas. Tambi\u00e9n nos ayudan a personalizar la publicidad en funci\u00f3n de tus h\u00e1bitos de navegaci\u00f3n. La informaci\u00f3n recopilada a trav\u00e9s de las cookies nos permite realizar estimaciones estad\u00edsticas y an\u00e1lisis de uso, como el n\u00famero de visitas y las secciones m\u00e1s consultadas. Esto nos permite mejorar nuestros servicios y adaptar la plataforma a tus intereses individuales. En algunas ocasiones, utilizamos cookies para recopilar informaci\u00f3n que nos permite mostrar publicidad basada en tus h\u00e1bitos de navegaci\u00f3n en nuestra plataforma y otras plataformas de terceros. 4 GESTI\u00d3N DE COOKIES EN NUESTRA WEB En el panel de configuraci\u00f3n de cookies, al que puedes acceder en cualquier momento en nuestra plataforma, encontrar\u00e1s informaci\u00f3n detallada sobre las cookies que utilizamos. En \u00e9l, se especifica su prop\u00f3sito, duraci\u00f3n y qui\u00e9n las gestiona (nosotros o terceros). Este panel te permite gestionar la activaci\u00f3n y desactivaci\u00f3n de aquellas cookies que no son estrictamente necesarias para el funcionamiento de la plataforma, adem\u00e1s de cambiar tu consentimiento en cualquier momento. Puedes acceder a la configuraci\u00f3n pulsando aqu\u00ed, para cambiar tus preferencias o retirar su consentimiento (habilitar link) Por otro lado, tambi\u00e9n tienes la opci\u00f3n de desactivar el uso de cookies en tu navegador mientras navegas por Internet. A continuaci\u00f3n, te mostramos c\u00f3mo realizar esta configuraci\u00f3n en los navegadores m\u00e1s comunes: Google Chrome Mozilla Firefox Internet Explorer Microsoft Edge Safari Opera \u00a0 Puedes ejercer esta opci\u00f3n de evitar el uso de Cookies en cualquier momento. Ten en cuenta que la gesti\u00f3n del panel de configuraci\u00f3n de Cookies y la opci\u00f3n de rechazarlas son espec\u00edficas para cada navegador que utilices. Por lo tanto, si configuras las Cookies de una determinada manera en un dispositivo y deseas que esa opci\u00f3n se aplique de manera similar en otro dispositivo, deber\u00e1s activar la misma opci\u00f3n en ese otro dispositivo. El usuario debe tener en cuenta que algunas caracter\u00edsticas de los contenidos de nuestra p\u00e1gina web solo est\u00e1n disponibles si se permite la instalaci\u00f3n de Cookies en su navegador. Si decide no aceptar o bloquear determinadas Cookies (en funci\u00f3n de su finalidad), puede que esto afecte, total o parcialmente, al funcionamiento normal de la P\u00e1gina Web o que impida el acceso a algunos servicios de la misma. 5 USO DE LA INFORMACI\u00d3N ALMACENADA EN LAS COOKIES La informaci\u00f3n almacenada en las Cookies de nuestra web es utilizada \u00fanicamente por nosotros. Sin embargo, algunas Cookies de terceros, gestionadas por entidades externas, pueden ser utilizadas para brindarnos servicios adicionales. Para m\u00e1s detalles, consulta nuestro panel de configuraci\u00f3n de Cookies, accesible en todo momento en nuestra web. Te<\/p>\n","protected":false},"author":1,"featured_media":0,"parent":0,"menu_order":0,"comment_status":"closed","ping_status":"closed","template":"elementor_canvas","meta":{"footnotes":""},"class_list":["post-1036","page","type-page","status-publish","hentry"],"_links":{"self":[{"href":"https:\/\/gazquezgas.es\/index.php?rest_route=\/wp\/v2\/pages\/1036","targetHints":{"allow":["GET"]}}],"collection":[{"href":"https:\/\/gazquezgas.es\/index.php?rest_route=\/wp\/v2\/pages"}],"about":[{"href":"https:\/\/gazquezgas.es\/index.php?rest_route=\/wp\/v2\/types\/page"}],"author":[{"embeddable":true,"href":"https:\/\/gazquezgas.es\/index.php?rest_route=\/wp\/v2\/users\/1"}],"replies":[{"embeddable":true,"href":"https:\/\/gazquezgas.es\/index.php?rest_route=%2Fwp%2Fv2%2Fcomments&post=1036"}],"version-history":[{"count":4,"href":"https:\/\/gazquezgas.es\/index.php?rest_route=\/wp\/v2\/pages\/1036\/revisions"}],"predecessor-version":[{"id":1040,"href":"https:\/\/gazquezgas.es\/index.php?rest_route=\/wp\/v2\/pages\/1036\/revisions\/1040"}],"wp:attachment":[{"href":"https:\/\/gazquezgas.es\/index.php?rest_route=%2Fwp%2Fv2%2Fmedia&parent=1036"}],"curies":[{"name":"wp","href":"https:\/\/api.w.org\/{rel}","templated":true}]}}